{"id":8,"date":"2021-04-20T13:36:20","date_gmt":"2021-04-20T13:36:20","guid":{"rendered":"https:\/\/masaupiho.com\/?page_id=8"},"modified":"2022-06-24T10:51:25","modified_gmt":"2022-06-24T10:51:25","slug":"villa-drossa","status":"publish","type":"page","link":"https:\/\/masaupiho.com\/de\/","title":{"rendered":"Mas Aupiho"},"content":{"rendered":"","protected":false},"excerpt":{"rendered":"","protected":false},"author":2,"featured_media":2202,"parent":0,"menu_order":0,"comment_status":"closed","ping_status":"closed","template":"","meta":{"_glsr_average":0,"_glsr_ranking":0,"_glsr_reviews":0,"footnotes":""},"class_list":["post-8","page","type-page","status-publish","has-post-thumbnail","czr-hentry"],"yoast_head":"<!-- This site is optimized with the Yoast SEO plugin v27.3 - https:\/\/yoast.com\/product\/yoast-seo-wordpress\/ -->\n<title>Mas Aupiho | Location de vacances \u00e0 Saint-R\u00e9my de Provence<\/title>\n<meta name=\"description\" content=\"Mas Aupiho | D\u00e9couvrez nos biens en location saisonni\u00e8re \u00e0 Saint-R\u00e9my de Provence | Conciergerie et activit\u00e9s\" \/>\n<meta name=\"robots\" content=\"index, follow, max-snippet:-1, max-image-preview:large, max-video-preview:-1\" \/>\n<link rel=\"canonical\" href=\"https:\/\/masaupiho.com\/de\/\" \/>\n<meta property=\"og:locale\" content=\"de_DE\" \/>\n<meta property=\"og:type\" content=\"article\" \/>\n<meta property=\"og:title\" content=\"Mas Aupiho\" \/>\n<meta property=\"og:description\" content=\"Mas Aupiho | D\u00e9couvrez nos biens en location saisonni\u00e8re \u00e0 Saint-R\u00e9my de Provence | Conciergerie et activit\u00e9s\" \/>\n<meta property=\"og:url\" content=\"https:\/\/masaupiho.com\/de\/\" \/>\n<meta property=\"og:site_name\" content=\"Mas Aupiho Saint-R\u00e9my de Provence\" \/>\n<meta property=\"article:modified_time\" content=\"2022-06-24T10:51:25+00:00\" \/>\n<meta property=\"og:image\" content=\"https:\/\/masaupiho.com\/wp-content\/uploads\/2022\/05\/masaupiho-piscine-4-scaled.jpeg\" \/>\n\t<meta property=\"og:image:width\" content=\"2560\" \/>\n\t<meta property=\"og:image:height\" content=\"1920\" \/>\n\t<meta property=\"og:image:type\" content=\"image\/jpeg\" \/>\n<meta name=\"twitter:card\" content=\"summary_large_image\" \/>\n<script type=\"application\/ld+json\" class=\"yoast-schema-graph\">{\"@context\":\"https:\\\/\\\/schema.org\",\"@graph\":[{\"@type\":\"WebPage\",\"@id\":\"https:\\\/\\\/masaupiho.com\\\/\",\"url\":\"https:\\\/\\\/masaupiho.com\\\/\",\"name\":\"Mas Aupiho | Location de vacances \u00e0 Saint-R\u00e9my de Provence\",\"isPartOf\":{\"@id\":\"https:\\\/\\\/masaupiho.com\\\/#website\"},\"primaryImageOfPage\":{\"@id\":\"https:\\\/\\\/masaupiho.com\\\/#primaryimage\"},\"image\":{\"@id\":\"https:\\\/\\\/masaupiho.com\\\/#primaryimage\"},\"thumbnailUrl\":\"https:\\\/\\\/masaupiho.com\\\/wp-content\\\/uploads\\\/2022\\\/05\\\/masaupiho-piscine-4-scaled.jpeg\",\"datePublished\":\"2021-04-20T13:36:20+00:00\",\"dateModified\":\"2022-06-24T10:51:25+00:00\",\"description\":\"Mas Aupiho | D\u00e9couvrez nos biens en location saisonni\u00e8re \u00e0 Saint-R\u00e9my de Provence | Conciergerie et activit\u00e9s\",\"breadcrumb\":{\"@id\":\"https:\\\/\\\/masaupiho.com\\\/#breadcrumb\"},\"inLanguage\":\"de\",\"potentialAction\":[{\"@type\":\"ReadAction\",\"target\":[\"https:\\\/\\\/masaupiho.com\\\/\"]}]},{\"@type\":\"ImageObject\",\"inLanguage\":\"de\",\"@id\":\"https:\\\/\\\/masaupiho.com\\\/#primaryimage\",\"url\":\"https:\\\/\\\/masaupiho.com\\\/wp-content\\\/uploads\\\/2022\\\/05\\\/masaupiho-piscine-4-scaled.jpeg\",\"contentUrl\":\"https:\\\/\\\/masaupiho.com\\\/wp-content\\\/uploads\\\/2022\\\/05\\\/masaupiho-piscine-4-scaled.jpeg\",\"width\":2560,\"height\":1920,\"caption\":\"Mas aupiho piscine\"},{\"@type\":\"BreadcrumbList\",\"@id\":\"https:\\\/\\\/masaupiho.com\\\/#breadcrumb\",\"itemListElement\":[{\"@type\":\"ListItem\",\"position\":1,\"name\":\"Accueil\",\"item\":\"https:\\\/\\\/masaupiho.com\\\/\"},{\"@type\":\"ListItem\",\"position\":2,\"name\":\"Mas Aupiho\"}]},{\"@type\":\"WebSite\",\"@id\":\"https:\\\/\\\/masaupiho.com\\\/#website\",\"url\":\"https:\\\/\\\/masaupiho.com\\\/\",\"name\":\"Mas Aupiho Saint-R\u00e9my de Provence\",\"description\":\"Location saisonni\u00e8re \u00e0 Saint-R\u00e9my de Provence\",\"publisher\":{\"@id\":\"https:\\\/\\\/masaupiho.com\\\/#organization\"},\"potentialAction\":[{\"@type\":\"SearchAction\",\"target\":{\"@type\":\"EntryPoint\",\"urlTemplate\":\"https:\\\/\\\/masaupiho.com\\\/?s={search_term_string}\"},\"query-input\":{\"@type\":\"PropertyValueSpecification\",\"valueRequired\":true,\"valueName\":\"search_term_string\"}}],\"inLanguage\":\"de\"},{\"@type\":\"Organization\",\"@id\":\"https:\\\/\\\/masaupiho.com\\\/#organization\",\"name\":\"Mas Aupiho | Location saisonni\u00e8re \u00e0 Saint-R\u00e9my de Provence\",\"url\":\"https:\\\/\\\/masaupiho.com\\\/\",\"logo\":{\"@type\":\"ImageObject\",\"inLanguage\":\"de\",\"@id\":\"https:\\\/\\\/masaupiho.com\\\/#\\\/schema\\\/logo\\\/image\\\/\",\"url\":\"https:\\\/\\\/masaupiho.com\\\/wp-content\\\/uploads\\\/2022\\\/04\\\/cropped-Logo-mas-aupiho-gris-1.png\",\"contentUrl\":\"https:\\\/\\\/masaupiho.com\\\/wp-content\\\/uploads\\\/2022\\\/04\\\/cropped-Logo-mas-aupiho-gris-1.png\",\"width\":1239,\"height\":246,\"caption\":\"Mas Aupiho | Location saisonni\u00e8re \u00e0 Saint-R\u00e9my de Provence\"},\"image\":{\"@id\":\"https:\\\/\\\/masaupiho.com\\\/#\\\/schema\\\/logo\\\/image\\\/\"}}]}<\/script>\n<!-- \/ Yoast SEO plugin. -->","yoast_head_json":{"title":"Mas Aupiho | Ferienwohnung in Saint-R\u00e9my de Provence","description":"Mas Aupiho | Entdecken Sie unsere Objekte zur saisonalen Vermietung in Saint-R\u00e9my de Provence | Concierge und Aktivit\u00e4ten","robots":{"index":"index","follow":"follow","max-snippet":"max-snippet:-1","max-image-preview":"max-image-preview:large","max-video-preview":"max-video-preview:-1"},"canonical":"https:\/\/masaupiho.com\/de\/","og_locale":"de_DE","og_type":"article","og_title":"Mas Aupiho","og_description":"Mas Aupiho | D\u00e9couvrez nos biens en location saisonni\u00e8re \u00e0 Saint-R\u00e9my de Provence | Conciergerie et activit\u00e9s","og_url":"https:\/\/masaupiho.com\/de\/","og_site_name":"Mas Aupiho Saint-R\u00e9my de Provence","article_modified_time":"2022-06-24T10:51:25+00:00","og_image":[{"width":2560,"height":1920,"url":"https:\/\/masaupiho.com\/wp-content\/uploads\/2022\/05\/masaupiho-piscine-4-scaled.jpeg","type":"image\/jpeg"}],"twitter_card":"summary_large_image","schema":{"@context":"https:\/\/schema.org","@graph":[{"@type":"WebPage","@id":"https:\/\/masaupiho.com\/","url":"https:\/\/masaupiho.com\/","name":"Mas Aupiho | Ferienwohnung in Saint-R\u00e9my de Provence","isPartOf":{"@id":"https:\/\/masaupiho.com\/#website"},"primaryImageOfPage":{"@id":"https:\/\/masaupiho.com\/#primaryimage"},"image":{"@id":"https:\/\/masaupiho.com\/#primaryimage"},"thumbnailUrl":"https:\/\/masaupiho.com\/wp-content\/uploads\/2022\/05\/masaupiho-piscine-4-scaled.jpeg","datePublished":"2021-04-20T13:36:20+00:00","dateModified":"2022-06-24T10:51:25+00:00","description":"Mas Aupiho | Entdecken Sie unsere Objekte zur saisonalen Vermietung in Saint-R\u00e9my de Provence | Concierge und Aktivit\u00e4ten","breadcrumb":{"@id":"https:\/\/masaupiho.com\/#breadcrumb"},"inLanguage":"de","potentialAction":[{"@type":"ReadAction","target":["https:\/\/masaupiho.com\/"]}]},{"@type":"ImageObject","inLanguage":"de","@id":"https:\/\/masaupiho.com\/#primaryimage","url":"https:\/\/masaupiho.com\/wp-content\/uploads\/2022\/05\/masaupiho-piscine-4-scaled.jpeg","contentUrl":"https:\/\/masaupiho.com\/wp-content\/uploads\/2022\/05\/masaupiho-piscine-4-scaled.jpeg","width":2560,"height":1920,"caption":"Mas aupiho piscine"},{"@type":"BreadcrumbList","@id":"https:\/\/masaupiho.com\/#breadcrumb","itemListElement":[{"@type":"ListItem","position":1,"name":"Accueil","item":"https:\/\/masaupiho.com\/"},{"@type":"ListItem","position":2,"name":"Mas Aupiho"}]},{"@type":"WebSite","@id":"https:\/\/masaupiho.com\/#website","url":"https:\/\/masaupiho.com\/","name":"Mas Aupiho Saint-R\u00e9my de Provence","description":"Saisonvermietungen in Saint-R\u00e9my de Provence","publisher":{"@id":"https:\/\/masaupiho.com\/#organization"},"potentialAction":[{"@type":"SearchAction","target":{"@type":"EntryPoint","urlTemplate":"https:\/\/masaupiho.com\/?s={search_term_string}"},"query-input":{"@type":"PropertyValueSpecification","valueRequired":true,"valueName":"search_term_string"}}],"inLanguage":"de"},{"@type":"Organization","@id":"https:\/\/masaupiho.com\/#organization","name":"Mas Aupiho | Saisonale Vermietung in Saint-R\u00e9my de Provence","url":"https:\/\/masaupiho.com\/","logo":{"@type":"ImageObject","inLanguage":"de","@id":"https:\/\/masaupiho.com\/#\/schema\/logo\/image\/","url":"https:\/\/masaupiho.com\/wp-content\/uploads\/2022\/04\/cropped-Logo-mas-aupiho-gris-1.png","contentUrl":"https:\/\/masaupiho.com\/wp-content\/uploads\/2022\/04\/cropped-Logo-mas-aupiho-gris-1.png","width":1239,"height":246,"caption":"Mas Aupiho | Location saisonni\u00e8re \u00e0 Saint-R\u00e9my de Provence"},"image":{"@id":"https:\/\/masaupiho.com\/#\/schema\/logo\/image\/"}}]}},"_links":{"self":[{"href":"https:\/\/masaupiho.com\/de\/wp-json\/wp\/v2\/pages\/8","targetHints":{"allow":["GET"]}}],"collection":[{"href":"https:\/\/masaupiho.com\/de\/wp-json\/wp\/v2\/pages"}],"about":[{"href":"https:\/\/masaupiho.com\/de\/wp-json\/wp\/v2\/types\/page"}],"author":[{"embeddable":true,"href":"https:\/\/masaupiho.com\/de\/wp-json\/wp\/v2\/users\/2"}],"replies":[{"embeddable":true,"href":"https:\/\/masaupiho.com\/de\/wp-json\/wp\/v2\/comments?post=8"}],"version-history":[{"count":3,"href":"https:\/\/masaupiho.com\/de\/wp-json\/wp\/v2\/pages\/8\/revisions"}],"predecessor-version":[{"id":2114,"href":"https:\/\/masaupiho.com\/de\/wp-json\/wp\/v2\/pages\/8\/revisions\/2114"}],"wp:featuredmedia":[{"embeddable":true,"href":"https:\/\/masaupiho.com\/de\/wp-json\/wp\/v2\/media\/2202"}],"wp:attachment":[{"href":"https:\/\/masaupiho.com\/de\/wp-json\/wp\/v2\/media?parent=8"}],"curies":[{"name":"wp","href":"https:\/\/api.w.org\/{rel}","templated":true}]}}