{"id":2284,"date":"2022-06-24T10:33:36","date_gmt":"2022-06-24T10:33:36","guid":{"rendered":"https:\/\/masaupiho.com\/?page_id=2284"},"modified":"2022-06-24T10:33:39","modified_gmt":"2022-06-24T10:33:39","slug":"contact","status":"publish","type":"page","link":"https:\/\/masaupiho.com\/en\/contact","title":{"rendered":"Contact"},"content":{"rendered":"","protected":false},"excerpt":{"rendered":"","protected":false},"author":2,"featured_media":0,"parent":0,"menu_order":0,"comment_status":"closed","ping_status":"closed","template":"","meta":{"_glsr_average":0,"_glsr_ranking":0,"_glsr_reviews":0,"footnotes":""},"class_list":["post-2284","page","type-page","status-publish","czr-hentry"],"yoast_head":"<!-- This site is optimized with the Yoast SEO plugin v27.3 - https:\/\/yoast.com\/product\/yoast-seo-wordpress\/ -->\n<title>Contact | Mas Aupiho Saint-R\u00e9my de Provence<\/title>\n<meta name=\"robots\" content=\"index, follow, max-snippet:-1, max-image-preview:large, max-video-preview:-1\" \/>\n<link rel=\"canonical\" href=\"https:\/\/masaupiho.com\/en\/contact\" \/>\n<meta property=\"og:locale\" content=\"en_GB\" \/>\n<meta property=\"og:type\" content=\"article\" \/>\n<meta property=\"og:title\" content=\"Contact | Mas Aupiho Saint-R\u00e9my de Provence\" \/>\n<meta property=\"og:url\" content=\"https:\/\/masaupiho.com\/en\/contact\" \/>\n<meta property=\"og:site_name\" content=\"Mas Aupiho Saint-R\u00e9my de Provence\" \/>\n<meta property=\"article:modified_time\" content=\"2022-06-24T10:33:39+00:00\" \/>\n<meta name=\"twitter:card\" content=\"summary_large_image\" \/>\n<script type=\"application\/ld+json\" class=\"yoast-schema-graph\">{\"@context\":\"https:\\\/\\\/schema.org\",\"@graph\":[{\"@type\":\"WebPage\",\"@id\":\"https:\\\/\\\/masaupiho.com\\\/contact\",\"url\":\"https:\\\/\\\/masaupiho.com\\\/contact\",\"name\":\"Contact | Mas Aupiho Saint-R\u00e9my de Provence\",\"isPartOf\":{\"@id\":\"https:\\\/\\\/masaupiho.com\\\/#website\"},\"datePublished\":\"2022-06-24T10:33:36+00:00\",\"dateModified\":\"2022-06-24T10:33:39+00:00\",\"breadcrumb\":{\"@id\":\"https:\\\/\\\/masaupiho.com\\\/contact#breadcrumb\"},\"inLanguage\":\"en-GB\",\"potentialAction\":[{\"@type\":\"ReadAction\",\"target\":[\"https:\\\/\\\/masaupiho.com\\\/contact\"]}]},{\"@type\":\"BreadcrumbList\",\"@id\":\"https:\\\/\\\/masaupiho.com\\\/contact#breadcrumb\",\"itemListElement\":[{\"@type\":\"ListItem\",\"position\":1,\"name\":\"Accueil\",\"item\":\"https:\\\/\\\/masaupiho.com\\\/\"},{\"@type\":\"ListItem\",\"position\":2,\"name\":\"Contact\"}]},{\"@type\":\"WebSite\",\"@id\":\"https:\\\/\\\/masaupiho.com\\\/#website\",\"url\":\"https:\\\/\\\/masaupiho.com\\\/\",\"name\":\"Mas Aupiho Saint-R\u00e9my de Provence\",\"description\":\"Location saisonni\u00e8re \u00e0 Saint-R\u00e9my de Provence\",\"publisher\":{\"@id\":\"https:\\\/\\\/masaupiho.com\\\/#organization\"},\"potentialAction\":[{\"@type\":\"SearchAction\",\"target\":{\"@type\":\"EntryPoint\",\"urlTemplate\":\"https:\\\/\\\/masaupiho.com\\\/?s={search_term_string}\"},\"query-input\":{\"@type\":\"PropertyValueSpecification\",\"valueRequired\":true,\"valueName\":\"search_term_string\"}}],\"inLanguage\":\"en-GB\"},{\"@type\":\"Organization\",\"@id\":\"https:\\\/\\\/masaupiho.com\\\/#organization\",\"name\":\"Mas Aupiho | Location saisonni\u00e8re \u00e0 Saint-R\u00e9my de Provence\",\"url\":\"https:\\\/\\\/masaupiho.com\\\/\",\"logo\":{\"@type\":\"ImageObject\",\"inLanguage\":\"en-GB\",\"@id\":\"https:\\\/\\\/masaupiho.com\\\/#\\\/schema\\\/logo\\\/image\\\/\",\"url\":\"https:\\\/\\\/masaupiho.com\\\/wp-content\\\/uploads\\\/2022\\\/04\\\/cropped-Logo-mas-aupiho-gris-1.png\",\"contentUrl\":\"https:\\\/\\\/masaupiho.com\\\/wp-content\\\/uploads\\\/2022\\\/04\\\/cropped-Logo-mas-aupiho-gris-1.png\",\"width\":1239,\"height\":246,\"caption\":\"Mas Aupiho | Location saisonni\u00e8re \u00e0 Saint-R\u00e9my de Provence\"},\"image\":{\"@id\":\"https:\\\/\\\/masaupiho.com\\\/#\\\/schema\\\/logo\\\/image\\\/\"}}]}<\/script>\n<!-- \/ Yoast SEO plugin. -->","yoast_head_json":{"title":"Contact | Mas Aupiho Saint-R\u00e9my de Provence","robots":{"index":"index","follow":"follow","max-snippet":"max-snippet:-1","max-image-preview":"max-image-preview:large","max-video-preview":"max-video-preview:-1"},"canonical":"https:\/\/masaupiho.com\/en\/contact","og_locale":"en_GB","og_type":"article","og_title":"Contact | Mas Aupiho Saint-R\u00e9my de Provence","og_url":"https:\/\/masaupiho.com\/en\/contact","og_site_name":"Mas Aupiho Saint-R\u00e9my de Provence","article_modified_time":"2022-06-24T10:33:39+00:00","twitter_card":"summary_large_image","schema":{"@context":"https:\/\/schema.org","@graph":[{"@type":"WebPage","@id":"https:\/\/masaupiho.com\/contact","url":"https:\/\/masaupiho.com\/contact","name":"Contact | Mas Aupiho Saint-R\u00e9my de Provence","isPartOf":{"@id":"https:\/\/masaupiho.com\/#website"},"datePublished":"2022-06-24T10:33:36+00:00","dateModified":"2022-06-24T10:33:39+00:00","breadcrumb":{"@id":"https:\/\/masaupiho.com\/contact#breadcrumb"},"inLanguage":"en-GB","potentialAction":[{"@type":"ReadAction","target":["https:\/\/masaupiho.com\/contact"]}]},{"@type":"BreadcrumbList","@id":"https:\/\/masaupiho.com\/contact#breadcrumb","itemListElement":[{"@type":"ListItem","position":1,"name":"Accueil","item":"https:\/\/masaupiho.com\/"},{"@type":"ListItem","position":2,"name":"Contact"}]},{"@type":"WebSite","@id":"https:\/\/masaupiho.com\/#website","url":"https:\/\/masaupiho.com\/","name":"Mas Aupiho Saint-R\u00e9my de Provence","description":"Seasonal rental in Saint-R\u00e9my de Provence","publisher":{"@id":"https:\/\/masaupiho.com\/#organization"},"potentialAction":[{"@type":"SearchAction","target":{"@type":"EntryPoint","urlTemplate":"https:\/\/masaupiho.com\/?s={search_term_string}"},"query-input":{"@type":"PropertyValueSpecification","valueRequired":true,"valueName":"search_term_string"}}],"inLanguage":"en-GB"},{"@type":"Organization","@id":"https:\/\/masaupiho.com\/#organization","name":"Mas Aupiho | Holiday rental in Saint-R\u00e9my de Provence","url":"https:\/\/masaupiho.com\/","logo":{"@type":"ImageObject","inLanguage":"en-GB","@id":"https:\/\/masaupiho.com\/#\/schema\/logo\/image\/","url":"https:\/\/masaupiho.com\/wp-content\/uploads\/2022\/04\/cropped-Logo-mas-aupiho-gris-1.png","contentUrl":"https:\/\/masaupiho.com\/wp-content\/uploads\/2022\/04\/cropped-Logo-mas-aupiho-gris-1.png","width":1239,"height":246,"caption":"Mas Aupiho | Location saisonni\u00e8re \u00e0 Saint-R\u00e9my de Provence"},"image":{"@id":"https:\/\/masaupiho.com\/#\/schema\/logo\/image\/"}}]}},"_links":{"self":[{"href":"https:\/\/masaupiho.com\/en\/wp-json\/wp\/v2\/pages\/2284","targetHints":{"allow":["GET"]}}],"collection":[{"href":"https:\/\/masaupiho.com\/en\/wp-json\/wp\/v2\/pages"}],"about":[{"href":"https:\/\/masaupiho.com\/en\/wp-json\/wp\/v2\/types\/page"}],"author":[{"embeddable":true,"href":"https:\/\/masaupiho.com\/en\/wp-json\/wp\/v2\/users\/2"}],"replies":[{"embeddable":true,"href":"https:\/\/masaupiho.com\/en\/wp-json\/wp\/v2\/comments?post=2284"}],"version-history":[{"count":1,"href":"https:\/\/masaupiho.com\/en\/wp-json\/wp\/v2\/pages\/2284\/revisions"}],"predecessor-version":[{"id":2285,"href":"https:\/\/masaupiho.com\/en\/wp-json\/wp\/v2\/pages\/2284\/revisions\/2285"}],"wp:attachment":[{"href":"https:\/\/masaupiho.com\/en\/wp-json\/wp\/v2\/media?parent=2284"}],"curies":[{"name":"wp","href":"https:\/\/api.w.org\/{rel}","templated":true}]}}