{"id":821,"date":"2021-05-11T13:50:26","date_gmt":"2021-05-11T13:50:26","guid":{"rendered":"https:\/\/masaupiho.com\/?page_id=821"},"modified":"2021-06-01T15:52:41","modified_gmt":"2021-06-01T15:52:41","slug":"visiter-autour-des-alpilles","status":"publish","type":"page","link":"https:\/\/masaupiho.com\/en\/visiter-autour-des-alpilles","title":{"rendered":"Visiting around the Alpilles"},"content":{"rendered":"","protected":false},"excerpt":{"rendered":"","protected":false},"author":1,"featured_media":817,"parent":0,"menu_order":0,"comment_status":"closed","ping_status":"closed","template":"","meta":{"_glsr_average":0,"_glsr_ranking":0,"_glsr_reviews":0,"footnotes":""},"class_list":["post-821","page","type-page","status-publish","has-post-thumbnail","czr-hentry"],"yoast_head":"<!-- This site is optimized with the Yoast SEO plugin v27.3 - https:\/\/yoast.com\/product\/yoast-seo-wordpress\/ -->\n<title>Visiter autour des Alpilles | Mas Aupiho Saint-R\u00e9my de Provence<\/title>\n<meta name=\"description\" content=\"Visiter autour des Alpilles | Mas Aupiho Saint-R\u00e9my de Provence \u00e0 Saint-R\u00e9my de Provence au pied des Alpilles | R\u00e9servez votre s\u00e9jour\" \/>\n<meta name=\"robots\" content=\"index, follow, max-snippet:-1, max-image-preview:large, max-video-preview:-1\" \/>\n<link rel=\"canonical\" href=\"https:\/\/masaupiho.com\/en\/visiter-autour-des-alpilles\" \/>\n<meta property=\"og:locale\" content=\"en_GB\" \/>\n<meta property=\"og:type\" content=\"article\" \/>\n<meta property=\"og:title\" content=\"Visiter autour des Alpilles | Mas Aupiho Saint-R\u00e9my de Provence\" \/>\n<meta property=\"og:description\" content=\"Visiter autour des Alpilles | Mas Aupiho Saint-R\u00e9my de Provence \u00e0 Saint-R\u00e9my de Provence au pied des Alpilles | R\u00e9servez votre s\u00e9jour\" \/>\n<meta property=\"og:url\" content=\"https:\/\/masaupiho.com\/en\/visiter-autour-des-alpilles\" \/>\n<meta property=\"og:site_name\" content=\"Mas Aupiho Saint-R\u00e9my de Provence\" \/>\n<meta property=\"article:modified_time\" content=\"2021-06-01T15:52:41+00:00\" \/>\n<meta property=\"og:image\" content=\"https:\/\/masaupiho.com\/wp-content\/uploads\/2021\/05\/ALPILLES.jpeg\" \/>\n\t<meta property=\"og:image:width\" content=\"1024\" \/>\n\t<meta property=\"og:image:height\" content=\"768\" \/>\n\t<meta property=\"og:image:type\" content=\"image\/jpeg\" \/>\n<meta name=\"twitter:card\" content=\"summary_large_image\" \/>\n<script type=\"application\/ld+json\" class=\"yoast-schema-graph\">{\"@context\":\"https:\\\/\\\/schema.org\",\"@graph\":[{\"@type\":[\"WebPage\",\"SearchResultsPage\"],\"@id\":\"https:\\\/\\\/masaupiho.com\\\/visiter-autour-des-alpilles\",\"url\":\"https:\\\/\\\/masaupiho.com\\\/visiter-autour-des-alpilles\",\"name\":\"Visiter autour des Alpilles | Mas Aupiho Saint-R\u00e9my de Provence\",\"isPartOf\":{\"@id\":\"https:\\\/\\\/masaupiho.com\\\/#website\"},\"primaryImageOfPage\":{\"@id\":\"https:\\\/\\\/masaupiho.com\\\/visiter-autour-des-alpilles#primaryimage\"},\"image\":{\"@id\":\"https:\\\/\\\/masaupiho.com\\\/visiter-autour-des-alpilles#primaryimage\"},\"thumbnailUrl\":\"https:\\\/\\\/masaupiho.com\\\/wp-content\\\/uploads\\\/2021\\\/05\\\/ALPILLES.jpeg\",\"datePublished\":\"2021-05-11T13:50:26+00:00\",\"dateModified\":\"2021-06-01T15:52:41+00:00\",\"description\":\"Visiter autour des Alpilles | Mas Aupiho Saint-R\u00e9my de Provence \u00e0 Saint-R\u00e9my de Provence au pied des Alpilles | R\u00e9servez votre s\u00e9jour\",\"breadcrumb\":{\"@id\":\"https:\\\/\\\/masaupiho.com\\\/visiter-autour-des-alpilles#breadcrumb\"},\"inLanguage\":\"en-GB\",\"potentialAction\":[{\"@type\":\"ReadAction\",\"target\":[\"https:\\\/\\\/masaupiho.com\\\/visiter-autour-des-alpilles\"]}]},{\"@type\":\"ImageObject\",\"inLanguage\":\"en-GB\",\"@id\":\"https:\\\/\\\/masaupiho.com\\\/visiter-autour-des-alpilles#primaryimage\",\"url\":\"https:\\\/\\\/masaupiho.com\\\/wp-content\\\/uploads\\\/2021\\\/05\\\/ALPILLES.jpeg\",\"contentUrl\":\"https:\\\/\\\/masaupiho.com\\\/wp-content\\\/uploads\\\/2021\\\/05\\\/ALPILLES.jpeg\",\"width\":1024,\"height\":768,\"caption\":\"ALPILLES\"},{\"@type\":\"BreadcrumbList\",\"@id\":\"https:\\\/\\\/masaupiho.com\\\/visiter-autour-des-alpilles#breadcrumb\",\"itemListElement\":[{\"@type\":\"ListItem\",\"position\":1,\"name\":\"Accueil\",\"item\":\"https:\\\/\\\/masaupiho.com\\\/\"},{\"@type\":\"ListItem\",\"position\":2,\"name\":\"Visiter autour des Alpilles\"}]},{\"@type\":\"WebSite\",\"@id\":\"https:\\\/\\\/masaupiho.com\\\/#website\",\"url\":\"https:\\\/\\\/masaupiho.com\\\/\",\"name\":\"Mas Aupiho Saint-R\u00e9my de Provence\",\"description\":\"Location saisonni\u00e8re \u00e0 Saint-R\u00e9my de Provence\",\"publisher\":{\"@id\":\"https:\\\/\\\/masaupiho.com\\\/#organization\"},\"potentialAction\":[{\"@type\":\"SearchAction\",\"target\":{\"@type\":\"EntryPoint\",\"urlTemplate\":\"https:\\\/\\\/masaupiho.com\\\/?s={search_term_string}\"},\"query-input\":{\"@type\":\"PropertyValueSpecification\",\"valueRequired\":true,\"valueName\":\"search_term_string\"}}],\"inLanguage\":\"en-GB\"},{\"@type\":\"Organization\",\"@id\":\"https:\\\/\\\/masaupiho.com\\\/#organization\",\"name\":\"Mas Aupiho | Location saisonni\u00e8re \u00e0 Saint-R\u00e9my de Provence\",\"url\":\"https:\\\/\\\/masaupiho.com\\\/\",\"logo\":{\"@type\":\"ImageObject\",\"inLanguage\":\"en-GB\",\"@id\":\"https:\\\/\\\/masaupiho.com\\\/#\\\/schema\\\/logo\\\/image\\\/\",\"url\":\"https:\\\/\\\/masaupiho.com\\\/wp-content\\\/uploads\\\/2022\\\/04\\\/cropped-Logo-mas-aupiho-gris-1.png\",\"contentUrl\":\"https:\\\/\\\/masaupiho.com\\\/wp-content\\\/uploads\\\/2022\\\/04\\\/cropped-Logo-mas-aupiho-gris-1.png\",\"width\":1239,\"height\":246,\"caption\":\"Mas Aupiho | Location saisonni\u00e8re \u00e0 Saint-R\u00e9my de Provence\"},\"image\":{\"@id\":\"https:\\\/\\\/masaupiho.com\\\/#\\\/schema\\\/logo\\\/image\\\/\"}}]}<\/script>\n<!-- \/ Yoast SEO plugin. -->","yoast_head_json":{"title":"Visit around the Alpilles | Mas Aupiho Saint-R\u00e9my de Provence","description":"Visit around the Alpilles | Mas Aupiho Saint-R\u00e9my de Provence in Saint-R\u00e9my de Provence at the foot of the Alpilles | Book your stay","robots":{"index":"index","follow":"follow","max-snippet":"max-snippet:-1","max-image-preview":"max-image-preview:large","max-video-preview":"max-video-preview:-1"},"canonical":"https:\/\/masaupiho.com\/en\/visiter-autour-des-alpilles","og_locale":"en_GB","og_type":"article","og_title":"Visiter autour des Alpilles | Mas Aupiho Saint-R\u00e9my de Provence","og_description":"Visiter autour des Alpilles | Mas Aupiho Saint-R\u00e9my de Provence \u00e0 Saint-R\u00e9my de Provence au pied des Alpilles | R\u00e9servez votre s\u00e9jour","og_url":"https:\/\/masaupiho.com\/en\/visiter-autour-des-alpilles","og_site_name":"Mas Aupiho Saint-R\u00e9my de Provence","article_modified_time":"2021-06-01T15:52:41+00:00","og_image":[{"width":1024,"height":768,"url":"https:\/\/masaupiho.com\/wp-content\/uploads\/2021\/05\/ALPILLES.jpeg","type":"image\/jpeg"}],"twitter_card":"summary_large_image","schema":{"@context":"https:\/\/schema.org","@graph":[{"@type":["WebPage","SearchResultsPage"],"@id":"https:\/\/masaupiho.com\/visiter-autour-des-alpilles","url":"https:\/\/masaupiho.com\/visiter-autour-des-alpilles","name":"Visit around the Alpilles | Mas Aupiho Saint-R\u00e9my de Provence","isPartOf":{"@id":"https:\/\/masaupiho.com\/#website"},"primaryImageOfPage":{"@id":"https:\/\/masaupiho.com\/visiter-autour-des-alpilles#primaryimage"},"image":{"@id":"https:\/\/masaupiho.com\/visiter-autour-des-alpilles#primaryimage"},"thumbnailUrl":"https:\/\/masaupiho.com\/wp-content\/uploads\/2021\/05\/ALPILLES.jpeg","datePublished":"2021-05-11T13:50:26+00:00","dateModified":"2021-06-01T15:52:41+00:00","description":"Visit around the Alpilles | Mas Aupiho Saint-R\u00e9my de Provence in Saint-R\u00e9my de Provence at the foot of the Alpilles | Book your stay","breadcrumb":{"@id":"https:\/\/masaupiho.com\/visiter-autour-des-alpilles#breadcrumb"},"inLanguage":"en-GB","potentialAction":[{"@type":"ReadAction","target":["https:\/\/masaupiho.com\/visiter-autour-des-alpilles"]}]},{"@type":"ImageObject","inLanguage":"en-GB","@id":"https:\/\/masaupiho.com\/visiter-autour-des-alpilles#primaryimage","url":"https:\/\/masaupiho.com\/wp-content\/uploads\/2021\/05\/ALPILLES.jpeg","contentUrl":"https:\/\/masaupiho.com\/wp-content\/uploads\/2021\/05\/ALPILLES.jpeg","width":1024,"height":768,"caption":"ALPILLES"},{"@type":"BreadcrumbList","@id":"https:\/\/masaupiho.com\/visiter-autour-des-alpilles#breadcrumb","itemListElement":[{"@type":"ListItem","position":1,"name":"Accueil","item":"https:\/\/masaupiho.com\/"},{"@type":"ListItem","position":2,"name":"Visiter autour des Alpilles"}]},{"@type":"WebSite","@id":"https:\/\/masaupiho.com\/#website","url":"https:\/\/masaupiho.com\/","name":"Mas Aupiho Saint-R\u00e9my de Provence","description":"Seasonal rental in Saint-R\u00e9my de Provence","publisher":{"@id":"https:\/\/masaupiho.com\/#organization"},"potentialAction":[{"@type":"SearchAction","target":{"@type":"EntryPoint","urlTemplate":"https:\/\/masaupiho.com\/?s={search_term_string}"},"query-input":{"@type":"PropertyValueSpecification","valueRequired":true,"valueName":"search_term_string"}}],"inLanguage":"en-GB"},{"@type":"Organization","@id":"https:\/\/masaupiho.com\/#organization","name":"Mas Aupiho | Holiday rental in Saint-R\u00e9my de Provence","url":"https:\/\/masaupiho.com\/","logo":{"@type":"ImageObject","inLanguage":"en-GB","@id":"https:\/\/masaupiho.com\/#\/schema\/logo\/image\/","url":"https:\/\/masaupiho.com\/wp-content\/uploads\/2022\/04\/cropped-Logo-mas-aupiho-gris-1.png","contentUrl":"https:\/\/masaupiho.com\/wp-content\/uploads\/2022\/04\/cropped-Logo-mas-aupiho-gris-1.png","width":1239,"height":246,"caption":"Mas Aupiho | Location saisonni\u00e8re \u00e0 Saint-R\u00e9my de Provence"},"image":{"@id":"https:\/\/masaupiho.com\/#\/schema\/logo\/image\/"}}]}},"_links":{"self":[{"href":"https:\/\/masaupiho.com\/en\/wp-json\/wp\/v2\/pages\/821","targetHints":{"allow":["GET"]}}],"collection":[{"href":"https:\/\/masaupiho.com\/en\/wp-json\/wp\/v2\/pages"}],"about":[{"href":"https:\/\/masaupiho.com\/en\/wp-json\/wp\/v2\/types\/page"}],"author":[{"embeddable":true,"href":"https:\/\/masaupiho.com\/en\/wp-json\/wp\/v2\/users\/1"}],"replies":[{"embeddable":true,"href":"https:\/\/masaupiho.com\/en\/wp-json\/wp\/v2\/comments?post=821"}],"version-history":[{"count":1,"href":"https:\/\/masaupiho.com\/en\/wp-json\/wp\/v2\/pages\/821\/revisions"}],"predecessor-version":[{"id":823,"href":"https:\/\/masaupiho.com\/en\/wp-json\/wp\/v2\/pages\/821\/revisions\/823"}],"wp:featuredmedia":[{"embeddable":true,"href":"https:\/\/masaupiho.com\/en\/wp-json\/wp\/v2\/media\/817"}],"wp:attachment":[{"href":"https:\/\/masaupiho.com\/en\/wp-json\/wp\/v2\/media?parent=821"}],"curies":[{"name":"wp","href":"https:\/\/api.w.org\/{rel}","templated":true}]}}